{"id":6043,"date":"2022-08-31T18:20:55","date_gmt":"2022-08-31T16:20:55","guid":{"rendered":"https:\/\/www.filtecsrl.eu\/conditions-de-garantie\/"},"modified":"2024-04-24T14:48:00","modified_gmt":"2024-04-24T12:48:00","slug":"general-sales-conditions","status":"publish","type":"page","link":"https:\/\/www.filtecsrl.eu\/fr\/general-sales-conditions\/","title":{"rendered":"general sales conditions"},"content":{"rendered":"\t\t<div data-elementor-type=\"wp-page\" data-elementor-id=\"6043\" class=\"elementor elementor-6043 elementor-3393\" data-elementor-post-type=\"page\">\n\t\t\t\t\t\t<section data-particle_enable=\"false\" data-particle-mobile-disabled=\"false\" class=\"elementor-section elementor-top-section elementor-element elementor-element-f46c7cf elementor-section-boxed elementor-section-height-default elementor-section-height-default\" data-id=\"f46c7cf\" data-element_type=\"section\" data-e-type=\"section\">\n\t\t\t\t\t\t<div class=\"elementor-container elementor-column-gap-default\">\n\t\t\t\t\t<div class=\"elementor-column elementor-col-100 elementor-top-column elementor-element elementor-element-9a75f6b\" data-id=\"9a75f6b\" data-element_type=\"column\" data-e-type=\"column\">\n\t\t\t<div class=\"elementor-widget-wrap elementor-element-populated\">\n\t\t\t\t\t\t<div class=\"elementor-element elementor-element-fe86f99 elementor-widget elementor-widget-text-editor\" data-id=\"fe86f99\" data-element_type=\"widget\" data-e-type=\"widget\" data-widget_type=\"text-editor.default\">\n\t\t\t\t<div class=\"elementor-widget-container\">\n\t\t\t\t\t\t\t\t\t<p><strong>Conditions g\u00e9n\u00e9rales de garantie<\/strong><\/p>\n<ol>\n<li>Les pr\u00e9sentes conditions de garantie (\u00ab\u00a0<strong>Garantie<\/strong>\u00ab\u00a0) s&rsquo;appliquent aux achats d&rsquo;\u00e9quipements fabriqu\u00e9s par Filtec s.r.l. (\u00ab\u00a0<strong>Biens<\/strong>\u00ab\u00a0) effectu\u00e9s par toute personne agissant dans l&rsquo;exercice de son activit\u00e9 entrepreneuriale, commerciale, artisanale ou professionnelle (\u00ab\u00a0<strong>Acheteur<\/strong>\u00ab\u00a0).<\/li>\n<li>Filtec s.r.l. garantit la marchandise exclusivement contre les d\u00e9fauts de fabrication et les d\u00e9viations par rapport aux caract\u00e9ristiques et aux qualit\u00e9s techniques promises \u00e0 la vente, \u00e0 l&rsquo;exclusion des d\u00e9fauts et des d\u00e9viations qui peuvent d\u00e9river d&rsquo;une installation et\/ou d&rsquo;une utilisation et\/ou d&rsquo;un entretien impropres, n\u00e9gligents ou imprudents ou, en tout cas, non conformes \u00e0 ce qui est indiqu\u00e9 dans le manuel d&rsquo;utilisation et d&rsquo;entretien de la marchandise.<\/li>\n<li>La garantie ne couvre pas : les pi\u00e8ces \u00e9lectriques ; les pi\u00e8ces sujettes \u00e0 l&rsquo;usure ; les biens qui ont \u00e9t\u00e9 modifi\u00e9s de quelque fa\u00e7on que ce soit.<\/li>\n<li>En cas de d\u00e9fauts\/d\u00e9formations entrant dans le cadre de la pr\u00e9sente garantie, la r\u00e9clamation doit \u00eatre soumise par l&rsquo;Acheteur \u00e0 Filtec s.r.l., dans un d\u00e9lai de 2 (deux) jours \u00e0 compter de la d\u00e9couverte du d\u00e9faut, en langue italienne, \u00e0 l&rsquo;adresse suivante <a href=\"mailto:info@filtecsrl.\">info@filtecsrl.<\/a> eu, en indiquant : la date d&rsquo;achat du Bien, en joignant une copie de la facture correspondante ; le nom, le num\u00e9ro de t\u00e9l\u00e9phone et l&rsquo;adresse e-mail de l&rsquo;Acheteur ; le num\u00e9ro de s\u00e9rie du Bien ; une description d\u00e9taill\u00e9e du d\u00e9faut avec le mat\u00e9riel photographique joint.<\/li>\n<li>Dans le cas o\u00f9 Filtec s.r.l. consid\u00e8re que le d\u00e9faut est pr\u00e9sent et couvert par la Garantie, elle r\u00e9parera le Bien \u00e0 ses propres frais. Si la r\u00e9paration n&rsquo;est pas possible ou si elle est excessivement co\u00fbteuse, Filtec s.r.l. pourra, \u00e0 sa seule discr\u00e9tion, remplacer le bien par un autre bien ayant les m\u00eames caract\u00e9ristiques et la m\u00eame qualit\u00e9 que celles promises dans le contrat de vente. En cas de r\u00e9paration des Biens sous Garantie, Filtec prendra en charge les frais de d\u00e9placement de ses employ\u00e9s, collaborateurs et auxiliaires, la nourriture et le logement relatifs, si n\u00e9cessaire, jusqu&rsquo;au lieu original de livraison du Bien au premier Acheteur (\u00ab\u00a0<strong>Lieu d&rsquo;origine de livraison<\/strong>\u00ab\u00a0). En cas de remplacement des Marchandises sous Garantie, Filtec supportera les co\u00fbts et les risques li\u00e9s \u00e0 la collecte des Marchandises d\u00e9fectueuses et\/ou non conformes et \u00e0 la livraison des Marchandises de remplacement vers et depuis le m\u00eame lieu de livraison initial.<\/li>\n<li>En aucun cas, \u00e0 partir de l&rsquo;application de la pr\u00e9sente garantie, Filtec s.r.l. ne pourra \u00eatre oblig\u00e9e de d\u00e9dommager l&rsquo;Acheteur et\/ou des tiers pour tout dommage direct ou indirect d\u00fb \u00e0 des arr\u00eats et\/ou des suspensions de production qui sont li\u00e9s de quelque mani\u00e8re que ce soit \u00e0 l&rsquo;intervention et\/ou au remplacement sous garantie.<\/li>\n<li>L&rsquo;application de cette garantie est subordonn\u00e9e au paiement int\u00e9gral des marchandises par l&rsquo;acheteur.<\/li>\n<li>Sans pr\u00e9judice de l&rsquo;obligation de signaler rapidement le d\u00e9faut et\/ou la non-conformit\u00e9 dans le d\u00e9lai indiqu\u00e9 \u00e0 l&rsquo;article 4, le droit \u00e0 la Garantie de l&rsquo;Acheteur s&rsquo;\u00e9teint s&rsquo;il n&rsquo;est pas exerc\u00e9 dans un d\u00e9lai de 1 (un) an \u00e0 compter de la livraison du Bien tel que r\u00e9glement\u00e9 dans le contrat de vente correspondant par Filtec s.r.l. au premier Acheteur.<\/li>\n<li>La r\u00e9paration et\/ou le remplacement sous garantie n&rsquo;entra\u00eenent aucune extension de la garantie.<\/li>\n<li>La pr\u00e9sente garantie est r\u00e9gie par la loi italienne, \u00e0 l&rsquo;exclusion des r\u00e8gles d\u00e9f\u00e9rentes du droit international priv\u00e9.<\/li>\n<\/ol>\n\t\t\t\t\t\t\t\t<\/div>\n\t\t\t\t<\/div>\n\t\t\t\t\t<\/div>\n\t\t<\/div>\n\t\t\t\t\t<\/div>\n\t\t<\/section>\n\t\t\t\t<\/div>\n\t\t","protected":false},"excerpt":{"rendered":"<p>Conditions g\u00e9n\u00e9rales de garantie Les pr\u00e9sentes conditions de garantie (\u00ab\u00a0Garantie\u00ab\u00a0) s&rsquo;appliquent aux achats d&rsquo;\u00e9quipements fabriqu\u00e9s par Filtec s.r.l. (\u00ab\u00a0Biens\u00ab\u00a0) effectu\u00e9s par toute personne agissant dans l&rsquo;exercice de son activit\u00e9 entrepreneuriale, commerciale, artisanale ou professionnelle (\u00ab\u00a0Acheteur\u00ab\u00a0). Filtec s.r.l. garantit la marchandise exclusivement contre les d\u00e9fauts de fabrication et les d\u00e9viations par rapport aux caract\u00e9ristiques et aux [&hellip;]<\/p>\n","protected":false},"author":1,"featured_media":0,"parent":0,"menu_order":0,"comment_status":"closed","ping_status":"closed","template":"elementor_header_footer","meta":{"footnotes":""},"class_list":["post-6043","page","type-page","status-publish","hentry"],"_links":{"self":[{"href":"https:\/\/www.filtecsrl.eu\/fr\/wp-json\/wp\/v2\/pages\/6043","targetHints":{"allow":["GET"]}}],"collection":[{"href":"https:\/\/www.filtecsrl.eu\/fr\/wp-json\/wp\/v2\/pages"}],"about":[{"href":"https:\/\/www.filtecsrl.eu\/fr\/wp-json\/wp\/v2\/types\/page"}],"author":[{"embeddable":true,"href":"https:\/\/www.filtecsrl.eu\/fr\/wp-json\/wp\/v2\/users\/1"}],"replies":[{"embeddable":true,"href":"https:\/\/www.filtecsrl.eu\/fr\/wp-json\/wp\/v2\/comments?post=6043"}],"version-history":[{"count":0,"href":"https:\/\/www.filtecsrl.eu\/fr\/wp-json\/wp\/v2\/pages\/6043\/revisions"}],"wp:attachment":[{"href":"https:\/\/www.filtecsrl.eu\/fr\/wp-json\/wp\/v2\/media?parent=6043"}],"curies":[{"name":"wp","href":"https:\/\/api.w.org\/{rel}","templated":true}]}}