{"id":6556,"date":"2022-11-09T17:07:54","date_gmt":"2022-11-09T16:07:54","guid":{"rendered":"https:\/\/www.filtecsrl.eu\/?page_id=6556"},"modified":"2024-04-24T14:42:42","modified_gmt":"2024-04-24T12:42:42","slug":"privacy-policy-2","status":"publish","type":"page","link":"https:\/\/www.filtecsrl.eu\/es\/privacy-policy-2\/","title":{"rendered":"Privacy Policy"},"content":{"rendered":"\t\t<div data-elementor-type=\"wp-page\" data-elementor-id=\"6556\" class=\"elementor elementor-6556 elementor-6553\" data-elementor-post-type=\"page\">\n\t\t\t\t\t\t<section data-particle_enable=\"false\" data-particle-mobile-disabled=\"false\" class=\"elementor-section elementor-top-section elementor-element elementor-element-45bc3a60 elementor-section-boxed elementor-section-height-default elementor-section-height-default\" data-id=\"45bc3a60\" data-element_type=\"section\" data-e-type=\"section\">\n\t\t\t\t\t\t<div class=\"elementor-container elementor-column-gap-default\">\n\t\t\t\t\t<div class=\"elementor-column elementor-col-100 elementor-top-column elementor-element elementor-element-28f6d839\" data-id=\"28f6d839\" data-element_type=\"column\" data-e-type=\"column\">\n\t\t\t<div class=\"elementor-widget-wrap elementor-element-populated\">\n\t\t\t\t\t\t<div class=\"elementor-element elementor-element-531e11b0 elementor-widget elementor-widget-text-editor\" data-id=\"531e11b0\" data-element_type=\"widget\" data-e-type=\"widget\" data-widget_type=\"text-editor.default\">\n\t\t\t\t<div class=\"elementor-widget-container\">\n\t\t\t\t\t\t\t\t\tFiltec S.R.L. num\u00e9ro de IVA 00982640294 con domicilio social en Via del Laghetto 140 en Badia Polesine 45021 Prov. Rovigo direcci\u00f3n de correo electr\u00f3nico <a href=\"mailto:info@filtecsrl.\">info@filtecsrl.eu<\/a> en su calidad de Responsable del Tratamiento seg\u00fan la legislaci\u00f3n indicada, para los fines del tratamiento relacionado con los Usuarios de la web, le informa que el tratamiento se basar\u00e1 en los principios de correcci\u00f3n, legalidad, transparencia y protecci\u00f3n de su privacidad y sus derechos.\r\n\r\n<strong>OBJETO DE TRATAMIENTO<\/strong>\r\n\r\nDe acuerdo con el art\u00edculo 13 del RGPD 2016\/679, por lo tanto, le proporcionamos la siguiente informaci\u00f3n: los datos personales (nombre, apellido, detalles de los documentos, n\u00famero de tel\u00e9fono, direcci\u00f3n de correo electr\u00f3nico, etc.), se proporcionar\u00e1n en el momento de la afiliaci\u00f3n seg\u00fan el tipo de asociaci\u00f3n solicitada. Filtec S.R.L., como titular del tratamiento de sus datos personales, le informa sobre el uso de los mismos y sobre sus derechos, para que pueda expresar conscientemente su consentimiento, cuando as\u00ed lo requiera, y ejercer los derechos que le otorga el RGPD.\r\n\r\n<strong>FINALIDAD DEL TRATAMIENTO<\/strong>\r\n\r\nSus datos personales (facilitados por usted, por terceros o procedentes de listas p\u00fablicas, dentro de los l\u00edmites de la ley) pueden ser tratados para los siguientes fines:\r\n\r\n\u2611Creaci\u00f3n y gesti\u00f3n\u00a0 \u00a0 \u00a0 \u00a0\u00a0\u2611Informaci\u00f3n y consentimiento\r\n\r\nLos datos personales pueden ser procesados sin su consentimiento expreso art. 6 letras b), e) RGPD, para los siguientes prop\u00f3sitos de servicio:\r\n<ul>\r\n \t<li>celebrar contratos para los servicios del interventor;<\/li>\r\n \t<li>cumplir con las obligaciones precontractuales, contractuales y fiscales derivadas de las relaciones existentes con usted;<\/li>\r\n \t<li>cumplir con las obligaciones impuestas por la ley, un reglamento, la legislaci\u00f3n de la UE o una orden de la Autoridad (como la lucha contra el blanqueo de capitales) trataremos sus datos para cumplir con las obligaciones derivadas de la legislaci\u00f3n fiscal;<\/li>\r\n \t<li>ejercer los derechos del Controlador, como el derecho de defensa en los tribunales;<\/li>\r\n \t<li>para cumplir con las obligaciones derivadas de los contratos en los que usted es parte o para satisfacer, antes de la celebraci\u00f3n del contrato, sus solicitudes espec\u00edficas, tambi\u00e9n mediante t\u00e9cnicas de comunicaci\u00f3n a distancia.<\/li>\r\n<\/ul>\r\nSujeto a su consentimiento espec\u00edfico y separado (Art. 7 RGPD), para los siguientes fines de marketing:\r\n<ul>\r\n \t<li>ventas directas;<\/li>\r\n \t<li>enviarle por correo electr\u00f3nico, correo postal y\/o mensaje de texto y\/o contacto telef\u00f3nico, boletines informativos, comunicaciones comerciales y\/o material publicitario sobre productos o servicios ofrecidos por el Responsable del Tratamiento y encuestas de satisfacci\u00f3n sobre la calidad de los servicios;<\/li>\r\n \t<li>marketing indirecto; enviarle por correo electr\u00f3nico, correo postal y\/o mensaje de texto y\/o contacto telef\u00f3nico comunicaciones comerciales y\/o promocionales de terceros (por ejemplo, socios comerciales y\/o otras empresas del grupo).<\/li>\r\n<\/ul>\r\nCookies &#8211; Filtec S.R.L. desea informarle de que al acceder a los sitios mencionados anteriormente, se pueden enviar \u00abcookies\u00bb a su ordenador, seg\u00fan las modalidades de uso disponibles en las p\u00e1ginas correspondientes de los sitios <a href=\"http:\/\/www.filtecsrl.\" target=\"_blank\" rel=\"noopener\">www.filtecsrl.eu<\/a>\r\n\r\nPor \u00faltimo, sus datos pueden ser objeto de transferencia a terceros para los fines indicados por el responsable del tratamiento\r\n\r\n<strong>M\u00c9TODOS DE TRATAMIENTO<\/strong>\r\n\r\nEl tratamiento de sus datos personales se lleva a cabo mediante las operaciones indicadas en el art\u00edculo 4 del RGPD, a saber\r\n\r\n\u2611Registro\u00a0\u00a0 \u00a0\u2611Destrucci\u00f3n\r\n\r\nSus datos personales son objeto de tratamiento tanto en papel como electr\u00f3nico y\/o automatizado. Filtec S.R.L. ha adoptado medidas t\u00e9cnicas y organizativas para prevenir y limitar el riesgo de \u00abviolaci\u00f3n de datos\u00bb. El Propietario tratar\u00e1 sus datos personales durante el tiempo necesario para cumplir con las finalidades mencionadas y, en cualquier caso, durante un plazo no superior a 10 a\u00f1os desde la finalizaci\u00f3n de la relaci\u00f3n para las Finalidades de Servicio y durante un plazo no superior a 2 a\u00f1os desde la recogida de datos para las Finalidades de Marketing.\r\n\r\n<strong>ACCESO A LOS DATOS<\/strong>\r\n\r\nSus datos pueden ser accesibles para los fines establecidos en los art\u00edculos 2.A) y 2.B):\r\n<ul>\r\n \t<li>empleados y colaboradores del Responsable del Tratamiento y de las empresas en su calidad de representantes del tratamiento;<\/li>\r\n \t<li>a terceras empresas u otras entidades (a modo de ejemplo, entidades de cr\u00e9dito, despachos profesionales, consultores, empresas de servicios) que realicen actividades de externalizaci\u00f3n por cuenta del Responsable del Tratamiento, en su calidad de representantes del mismo.<\/li>\r\n<\/ul>\r\n<strong>COMUNICACI\u00d3N DE DATOS<\/strong>\r\n\r\nSin necesidad de su consentimiento expreso y en virtud del art. 6 letras b) y c) del Reglamento, el Responsable del Tratamiento podr\u00e1 comunicar sus datos para las finalidades previstas en el art. 2.A) a los \u00f3rganos de control, a las autoridades judiciales, as\u00ed como a aquellos sujetos a los que la ley obligue a comunicarlos para el cumplimiento de las citadas finalidades. Estos sujetos tratar\u00e1n los datos en su calidad de responsables aut\u00f3nomos del tratamiento. Sus datos no ser\u00e1n difundidos. Sus datos pueden estar sujetos a la elaboraci\u00f3n de perfiles, es decir, a la recopilaci\u00f3n y agregaci\u00f3n de datos que le conciernen para tomar decisiones comerciales adecuadas o para analizar o predecir sus preferencias personales, comportamientos y actitudes con fines comerciales. La elaboraci\u00f3n de perfiles requiere su consentimiento. La falta de consentimiento no suele afectar al buen desarrollo de la relaci\u00f3n en la que se tratan sus datos.\r\n\r\n<strong>TRANSFERENCIA DE DATOS<\/strong>\r\n\r\nLos datos personales se almacenan en servidores situados en la Uni\u00f3n Europea. En cualquier caso, se entiende que el Controlador de Datos tambi\u00e9n puede trasladar los servidores fuera de la UE si es necesario. En este caso, el responsable del tratamiento asegura desde ahora que la transferencia de datos se realizar\u00e1 en cumplimiento de las disposiciones legales aplicables, sin perjuicio de la estipulaci\u00f3n de las cl\u00e1usulas previstas por la Uni\u00f3n Europea.\r\n\r\n<strong>NATURALEZA DEL SUMINISTRO DE DATOS Y CONSECUENCIAS DE LA NEGATIVA A RESPONDER <\/strong>\r\n\r\nEl suministro de datos para los fines establecidos en el punto A es obligatorio. En su ausencia, no podremos garantizar la prestaci\u00f3n de los Servicios. Por otra parte, el suministro de datos para los fines del punto B es opcional. Por lo tanto, usted puede decidir no proporcionar ning\u00fan dato o negar posteriormente la posibilidad de procesar los datos ya proporcionados: en este caso, no podr\u00e1 recibir comunicaciones comerciales a distancia relacionadas con los Servicios ofrecidos por el Controlador. No obstante, seguir\u00e1 teniendo derecho a los servicios mencionados en el punto A. Los datos del interesado que no deban ser conservados por obligaciones legales espec\u00edficas se eliminar\u00e1n en un plazo de 24 meses.\r\n\r\n<strong>DERECHOS DEL INTERESADO<\/strong>\r\n\r\nUsted puede, en cualquier momento, ejercer los siguientes derechos expresamente reconocidos en el Reglamento:\r\n<ul>\r\n \t<li>Tiene derecho a presentar una reclamaci\u00f3n en cualquier momento ante la autoridad nacional (<strong>Supervisor de Protecci\u00f3n de Datos<\/strong>) si considera que se ha vulnerado su derecho<\/li>\r\n \t<li>Usted tiene derecho a que sus datos sean siempre exactos y est\u00e9n actualizados, por lo que puede informar o solicitar su actualizaci\u00f3n en cualquier momento<\/li>\r\n \t<li>Usted tiene derecho a revocar su consentimiento para el tratamiento de sus datos si no lo impiden las disposiciones legales o la necesidad de proteger los derechos del responsable del tratamiento, incluso ante los tribunales. En cualquier caso, la solicitud de revocaci\u00f3n da lugar al derecho de restricci\u00f3n del tratamiento.<\/li>\r\n \t<li>Tiene derecho a acceder a sus datos tratados por el responsable del tratamiento mediante una solicitud por escrito, tambi\u00e9n en formato electr\u00f3nico. Es indispensable que usted pueda proporcionarnos una prueba de su identidad, eventualmente tambi\u00e9n mediante el acceso a nuestras bases de datos por medio de credenciales que se refieran exclusivamente a usted.<\/li>\r\n \t<li>Tiene derecho a un acceso gratuito por una sola vez, mientras que es posible que se le cobre una tarifa por las solicitudes posteriores.<\/li>\r\n \t<li>Tiene derecho a recibir una respuesta en un plazo de 30 d\u00edas a partir de la solicitud.<\/li>\r\n \t<li>Tiene derecho a disponer de sus datos en un formato imprimible.<\/li>\r\n \t<li>Usted tiene derecho a que se corrijan y actualicen sus datos, y puede solicitar en cualquier momento que se actualicen y corrijan si considera que los datos que obran en nuestro poder est\u00e1n desfasados o son incorrectos. Con el fin de garantizar la actualizaci\u00f3n de los datos, le rogamos que nos comunique cualquier cambio \u00fatil.<\/li>\r\n \t<li>Usted tiene derecho a la supresi\u00f3n de los datos que le conciernen, siempre que no se trate de datos que el responsable del tratamiento deba conservar para cumplir obligaciones legales espec\u00edficas como, por ejemplo, las derivadas de la normativa fiscal, la lucha contra el blanqueo de capitales o la protecci\u00f3n de los derechos del responsable del tratamiento en los litigios.<\/li>\r\n \t<li>Si usted impugna la exactitud de sus datos, o la legalidad del tratamiento, o el derecho del responsable del tratamiento a suprimir sus datos, o si se opone al tratamiento de sus datos y el responsable del tratamiento impugna su objeci\u00f3n, tiene derecho a que sus datos se conserven pero no se traten, salvo en la medida necesaria para resolver el litigio sobre los datos.<\/li>\r\n \t<li>Si el responsable del tratamiento modifica o suprime total o parcialmente sus datos, usted tiene derecho a ser informado y a oponerse a la modificaci\u00f3n y supresi\u00f3n.<\/li>\r\n \t<li>Usted tiene derecho a transferir sus datos -almacenados y procesados electr\u00f3nicamente- a otro operador, dentro de los l\u00edmites indicados en el Reglamento, de forma que puedan ser f\u00e1cilmente le\u00eddos y adquiridos por terceros. Los datos que usted tiene derecho a transferir (portabilidad) incluyen tambi\u00e9n los datos resultantes de la observaci\u00f3n autom\u00e1tica de su actividad a trav\u00e9s de los servicios inform\u00e1ticos del responsable del tratamiento, como las b\u00fasquedas y el historial de actividades realizadas<\/li>\r\n \t<li>Tiene derecho a oponerse al tratamiento de sus datos, a la elaboraci\u00f3n de perfiles, a la utilizaci\u00f3n de sus datos para la comercializaci\u00f3n directa, a la elaboraci\u00f3n de perfiles de inter\u00e9s p\u00fablico o con fines cient\u00edficos o hist\u00f3ricos o estad\u00edsticos.<\/li>\r\n \t<li>Filtec S.R.L. puede, en determinadas circunstancias, adoptar procedimientos automatizados para tomar decisiones que le conciernen y, en particular, para decidir si celebrar contratos directamente o a trav\u00e9s de terceros con usted y en qu\u00e9 condiciones. En este caso, tiene derecho a solicitar que, antes de que se adopte una decisi\u00f3n vinculante, su posici\u00f3n sea examinada en cualquier caso por un operador humano que realice una evaluaci\u00f3n de los m\u00e9ritos.<\/li>\r\n \t<li>Filtec S.R.L. puede, en determinadas circunstancias, tratar sus datos para comunicarse con usted sobre iniciativas comerciales o informativas o educativas. En este caso, su consentimiento debe ser expl\u00edcito y estar separado de otras formas de consentimiento y usted puede revocar el consentimiento otorgado para este fin en cualquier momento.<\/li>\r\n \t<li>Tiene derecho a ser consultado cuando se eval\u00faen los procedimientos de seguridad para el tratamiento y la protecci\u00f3n de sus datos<\/li>\r\n<\/ul>\r\n<strong>FORMAS DE EJERCER SUS DERECHOS<\/strong>\r\n\r\nSus solicitudes podr\u00e1n ser ejercidas mediante comunicaciones escritas a la direcci\u00f3n del Responsable del Tratamiento o a la direcci\u00f3n de correo electr\u00f3nico indicada anteriormente o, si est\u00e1 previsto, de forma aut\u00f3noma dentro del \u00e1rea personal puesta a disposici\u00f3n por v\u00eda electr\u00f3nica mediante un identificador \u00fanico. La lista actualizada de los encargados del tratamiento y de las personas encargadas del mismo se mantiene en la sede del responsable del tratamiento.\t\t\t\t\t\t\t\t<\/div>\n\t\t\t\t<\/div>\n\t\t\t\t\t<\/div>\n\t\t<\/div>\n\t\t\t\t\t<\/div>\n\t\t<\/section>\n\t\t\t\t<\/div>\n\t\t","protected":false},"excerpt":{"rendered":"<p>Filtec S.R.L. num\u00e9ro de IVA 00982640294 con domicilio social en Via del Laghetto 140 en Badia Polesine 45021 Prov. Rovigo direcci\u00f3n de correo electr\u00f3nico info@filtecsrl.eu en su calidad de Responsable del Tratamiento seg\u00fan la legislaci\u00f3n indicada, para los fines del tratamiento relacionado con los Usuarios de la web, le informa que el tratamiento se basar\u00e1 [&hellip;]<\/p>\n","protected":false},"author":1,"featured_media":0,"parent":0,"menu_order":0,"comment_status":"closed","ping_status":"closed","template":"","meta":{"footnotes":""},"class_list":["post-6556","page","type-page","status-publish","hentry","page_cat-pagine-tecniche"],"_links":{"self":[{"href":"https:\/\/www.filtecsrl.eu\/es\/wp-json\/wp\/v2\/pages\/6556","targetHints":{"allow":["GET"]}}],"collection":[{"href":"https:\/\/www.filtecsrl.eu\/es\/wp-json\/wp\/v2\/pages"}],"about":[{"href":"https:\/\/www.filtecsrl.eu\/es\/wp-json\/wp\/v2\/types\/page"}],"author":[{"embeddable":true,"href":"https:\/\/www.filtecsrl.eu\/es\/wp-json\/wp\/v2\/users\/1"}],"replies":[{"embeddable":true,"href":"https:\/\/www.filtecsrl.eu\/es\/wp-json\/wp\/v2\/comments?post=6556"}],"version-history":[{"count":0,"href":"https:\/\/www.filtecsrl.eu\/es\/wp-json\/wp\/v2\/pages\/6556\/revisions"}],"wp:attachment":[{"href":"https:\/\/www.filtecsrl.eu\/es\/wp-json\/wp\/v2\/media?parent=6556"}],"curies":[{"name":"wp","href":"https:\/\/api.w.org\/{rel}","templated":true}]}}