{"id":3425,"date":"2022-02-23T09:31:26","date_gmt":"2022-02-23T08:31:26","guid":{"rendered":"https:\/\/www.filtecsrl.eu\/condizioni-di-garanzia\/"},"modified":"2024-04-24T15:51:54","modified_gmt":"2024-04-24T13:51:54","slug":"general-sales-conditions","status":"publish","type":"page","link":"https:\/\/www.filtecsrl.eu\/es\/general-sales-conditions\/","title":{"rendered":"Condiciones generales de garantia"},"content":{"rendered":"\t\t<div data-elementor-type=\"wp-page\" data-elementor-id=\"3425\" class=\"elementor elementor-3425 elementor-3393\" data-elementor-post-type=\"page\">\n\t\t\t\t\t\t<section data-particle_enable=\"false\" data-particle-mobile-disabled=\"false\" class=\"elementor-section elementor-top-section elementor-element elementor-element-f46c7cf elementor-section-boxed elementor-section-height-default elementor-section-height-default\" data-id=\"f46c7cf\" data-element_type=\"section\" data-e-type=\"section\">\n\t\t\t\t\t\t<div class=\"elementor-container elementor-column-gap-default\">\n\t\t\t\t\t<div class=\"elementor-column elementor-col-100 elementor-top-column elementor-element elementor-element-9a75f6b\" data-id=\"9a75f6b\" data-element_type=\"column\" data-e-type=\"column\">\n\t\t\t<div class=\"elementor-widget-wrap elementor-element-populated\">\n\t\t\t\t\t\t<div class=\"elementor-element elementor-element-fe86f99 elementor-widget elementor-widget-text-editor\" data-id=\"fe86f99\" data-element_type=\"widget\" data-e-type=\"widget\" data-widget_type=\"text-editor.default\">\n\t\t\t\t<div class=\"elementor-widget-container\">\n\t\t\t\t\t\t\t\t\t<p><strong>Condiciones generales de garant\u00eda<\/strong><\/p><ol><li>Las presentes condiciones de garant\u00eda (\u201c<strong>Garant\u00eda<\/strong>\u201d) se aplican a las compras de aparatos fabricados por Filtec s.r.l. (\u201c<strong>Bienes<\/strong>\u201d) realizadas por cualquier sujeto que act\u00fae en el ejercicio de su actividad empresarial, comercial, artesanal o profesional (\u201c<strong>Comprador<\/strong>\u201d).<br \/><br \/><\/li><li>Filtec s.r.l. garantiza los Bienes exclusivamente contra los defectos de fabricaci\u00f3n y las divergencias respecto a las caracter\u00edsticas y a las cualidades t\u00e9cnicas prometidas en la venta en cada caso, con la excepci\u00f3n de los defectos y las divergencias que puedan derivar de la instalaci\u00f3n, el uso y\/o el mantenimiento inadecuados, negligentes, imprudentes o, en todo caso, que no cumplan lo indicado en el manual de uso y mantenimiento de los Bienes.<br \/><br \/><\/li><li>La Garant\u00eda no cubre: las partes el\u00e9ctricas; las partes sujetas a desgaste; los Bienes en los que se hayan realizado cambios de cualquier tipo.<br \/><br \/><\/li><li>En caso de defectos\/divergencias cubiertos por la presente Garant\u00eda, el Comprador deber\u00e1 presentar a Filtec s.r.l. la reclamaci\u00f3n en italiano, en un plazo de 2 (dos) d\u00edas desde el descubrimiento del defecto, a la siguiente direcci\u00f3n <a href=\"mailto:info@filtecsrl.\">info@filtecsrl.<\/a>eu, indicando: la fecha de compra del Bien, adjuntando copia de la factura correspondiente; el nombre del Comprador, sus n\u00fameros de tel\u00e9fono y su direcci\u00f3n de correo electr\u00f3nico; el n\u00famero de serie del Bien; una descripci\u00f3n detallada del defecto adjuntando material fotogr\u00e1fico.<br \/><br \/><\/li><li>En caso de que Filtec s.r.l. considere que el defecto est\u00e1 presente y lo cubre la Garant\u00eda, se encargar\u00e1 de reparar el Bien corriendo con los gastos. En caso de que la reparaci\u00f3n no sea posible o sea excesivamente onerosa, Filtec s.r.l. podr\u00e1, con decisi\u00f3n incuestionable, sustituir el Bien por otro Bien que tenga las mismas caracter\u00edsticas y cualidades que las prometidas en el contrato de venta. En caso de intervenciones de reparaci\u00f3n del Bien dentro de la Garant\u00eda, Filtec cubrir\u00e1 los gastos de traslado de sus trabajadores, colaboradores y auxiliares, su mantenimiento y alojamiento, si es necesario, hasta el mismo lugar originario de entrega del Bien al primer Comprador (\u201c<strong>Lugar de Entrega Originario<\/strong>\u201d). En caso de intervenciones de sustituci\u00f3n del Bien dentro de la Garant\u00eda, Filtec cubrir\u00e1 los costes y los riesgos de retirada del Bien defectuoso y\/o divergente y de la entrega del Bien sustitutivo desde y hasta el mismo Lugar de Entrega Originario.<br \/><br \/><\/li><li>En ning\u00fan caso, la aplicaci\u00f3n de la presente garant\u00eda podr\u00e1 derivar en la obligaci\u00f3n por parte de Filtec s.r.l. de indemnizar al Comprador y\/o a terceros ning\u00fan da\u00f1o directo o indirecto por paradas y\/o suspensiones de producci\u00f3n que se puedan atribuir de alguna manera a la intervenci\u00f3n y\/o a la sustituci\u00f3n dentro de la Garant\u00eda.<br \/><br \/><\/li><li>La aplicaci\u00f3n de la presente Garant\u00eda queda subordinado al pago \u00edntegro del Bien por parte del Comprador.<br \/><br \/><\/li><li>Sin perjuicio de la obligaci\u00f3n de aviso tempestivo del defecto y\/o de la divergencia en el plazo indicado en el art. 4, el derecho del Comprador a la Garant\u00eda se extingue si no se ejerce en el plazo de 1 (un) a\u00f1o desde la entrega del Bien como se regula en el contrato de venta correspondiente de Filtec s.r.l. al primer Comprador.<br \/><br \/><\/li><li>La reparaci\u00f3n y\/o la sustituci\u00f3n de los Bienes dentro de la garant\u00eda no comporta ninguna extensi\u00f3n de la misma.<br \/><br \/><\/li><li>La presente Garant\u00eda est\u00e1 regulada por la ley italiana, con la excepci\u00f3n de las normas de reenv\u00edo de derecho internacional privado.<\/li><\/ol>\t\t\t\t\t\t\t\t<\/div>\n\t\t\t\t<\/div>\n\t\t\t\t\t<\/div>\n\t\t<\/div>\n\t\t\t\t\t<\/div>\n\t\t<\/section>\n\t\t\t\t<\/div>\n\t\t","protected":false},"excerpt":{"rendered":"<p>Condiciones generales de garant\u00eda Las presentes condiciones de garant\u00eda (\u201cGarant\u00eda\u201d) se aplican a las compras de aparatos fabricados por Filtec s.r.l. (\u201cBienes\u201d) realizadas por cualquier sujeto que act\u00fae en el ejercicio de su actividad empresarial, comercial, artesanal o profesional (\u201cComprador\u201d). Filtec s.r.l. garantiza los Bienes exclusivamente contra los defectos de fabricaci\u00f3n y las divergencias respecto [&hellip;]<\/p>\n","protected":false},"author":1,"featured_media":0,"parent":0,"menu_order":0,"comment_status":"closed","ping_status":"closed","template":"elementor_header_footer","meta":{"footnotes":""},"class_list":["post-3425","page","type-page","status-publish","hentry"],"_links":{"self":[{"href":"https:\/\/www.filtecsrl.eu\/es\/wp-json\/wp\/v2\/pages\/3425","targetHints":{"allow":["GET"]}}],"collection":[{"href":"https:\/\/www.filtecsrl.eu\/es\/wp-json\/wp\/v2\/pages"}],"about":[{"href":"https:\/\/www.filtecsrl.eu\/es\/wp-json\/wp\/v2\/types\/page"}],"author":[{"embeddable":true,"href":"https:\/\/www.filtecsrl.eu\/es\/wp-json\/wp\/v2\/users\/1"}],"replies":[{"embeddable":true,"href":"https:\/\/www.filtecsrl.eu\/es\/wp-json\/wp\/v2\/comments?post=3425"}],"version-history":[{"count":0,"href":"https:\/\/www.filtecsrl.eu\/es\/wp-json\/wp\/v2\/pages\/3425\/revisions"}],"wp:attachment":[{"href":"https:\/\/www.filtecsrl.eu\/es\/wp-json\/wp\/v2\/media?parent=3425"}],"curies":[{"name":"wp","href":"https:\/\/api.w.org\/{rel}","templated":true}]}}