{"id":3348,"date":"2022-02-22T17:45:41","date_gmt":"2022-02-22T16:45:41","guid":{"rendered":"https:\/\/www.filtecsrl.eu\/aplicaciones\/"},"modified":"2022-03-10T14:08:34","modified_gmt":"2022-03-10T13:08:34","slug":"aplicaciones","status":"publish","type":"page","link":"https:\/\/www.filtecsrl.eu\/es\/aplicaciones\/","title":{"rendered":"Aplicaciones"},"content":{"rendered":"\t\t<div data-elementor-type=\"wp-page\" data-elementor-id=\"3348\" class=\"elementor elementor-3348 elementor-582\" data-elementor-post-type=\"page\">\n\t\t\t\t\t\t<section data-particle_enable=\"false\" data-particle-mobile-disabled=\"false\" class=\"elementor-section elementor-top-section elementor-element elementor-element-c8f41e6 elementor-section-full_width elementor-section-height-default elementor-section-height-default\" data-id=\"c8f41e6\" data-element_type=\"section\" data-e-type=\"section\">\n\t\t\t\t\t\t<div class=\"elementor-container elementor-column-gap-no\">\n\t\t\t\t\t<div class=\"elementor-column elementor-col-50 elementor-top-column elementor-element elementor-element-f8b14be\" data-id=\"f8b14be\" data-element_type=\"column\" data-e-type=\"column\">\n\t\t\t<div class=\"elementor-widget-wrap elementor-element-populated\">\n\t\t\t\t\t\t<section data-particle_enable=\"false\" data-particle-mobile-disabled=\"false\" class=\"elementor-section elementor-inner-section elementor-element elementor-element-02db8a6 elementor-section-full_width elementor-section-height-default elementor-section-height-default\" data-id=\"02db8a6\" data-element_type=\"section\" data-e-type=\"section\">\n\t\t\t\t\t\t<div class=\"elementor-container elementor-column-gap-default\">\n\t\t\t\t\t<div class=\"elementor-column elementor-col-100 elementor-inner-column elementor-element elementor-element-b0d37c9 fullwidth-padding-left intro-background-left\" data-id=\"b0d37c9\" data-element_type=\"column\" data-e-type=\"column\" data-settings=\"{&quot;background_background&quot;:&quot;classic&quot;}\">\n\t\t\t<div class=\"elementor-widget-wrap elementor-element-populated\">\n\t\t\t\t\t\t<div class=\"elementor-element elementor-element-7abdb19 elementor-widget elementor-widget-heading\" data-id=\"7abdb19\" data-element_type=\"widget\" data-e-type=\"widget\" data-widget_type=\"heading.default\">\n\t\t\t\t<div class=\"elementor-widget-container\">\n\t\t\t\t\t<h1 class=\"elementor-heading-title elementor-size-default\">M\u00e1quinas para varias aplicaciones<\/h1>\t\t\t\t<\/div>\n\t\t\t\t<\/div>\n\t\t\t\t\t<\/div>\n\t\t<\/div>\n\t\t\t\t\t<\/div>\n\t\t<\/section>\n\t\t\t\t\t<\/div>\n\t\t<\/div>\n\t\t\t\t<div class=\"elementor-column elementor-col-50 elementor-top-column elementor-element elementor-element-4d27cb0 fullwidth-padding-right\" data-id=\"4d27cb0\" data-element_type=\"column\" data-e-type=\"column\" data-settings=\"{&quot;background_background&quot;:&quot;classic&quot;}\">\n\t\t\t<div class=\"elementor-widget-wrap elementor-element-populated\">\n\t\t\t\t\t\t<div class=\"elementor-element elementor-element-a29d352 elementor-widget elementor-widget-text-editor\" data-id=\"a29d352\" data-element_type=\"widget\" data-e-type=\"widget\" data-widget_type=\"text-editor.default\">\n\t\t\t\t<div class=\"elementor-widget-container\">\n\t\t\t\t\t\t\t\t\t<p> Filtec ofrece sistemas de granulaci\u00f3n de materias pl\u00e1sticas, tanto recicladas como v\u00edrgenes, capaces de satisfacer cualquier necesidad de aplicaci\u00f3n y resultado.<\/p>\n<p> Nuestras instalaciones sirven espec\u00edficamente para la filtraci\u00f3n y el reciclado de elementos de desecho industrial \/ postconsumo, lo que permite que el material se convierta en pellets para ser reinsertado en la cadena de producci\u00f3n.<\/p>\n<p> Ninguna soluci\u00f3n es est\u00e1ndar, sino de concepci\u00f3n propia: de hecho, cada m\u00e1quina se construye de manera artesanal en las plantas de Filtec, cuidada en cada uno de sus componentes y personalizada con la mayor flexibilidad posible para satisfacer las necesidades espec\u00edficas de cada cliente.<\/p>\n\t\t\t\t\t\t\t\t<\/div>\n\t\t\t\t<\/div>\n\t\t\t\t\t<\/div>\n\t\t<\/div>\n\t\t\t\t\t<\/div>\n\t\t<\/section>\n\t\t\t\t<section data-particle_enable=\"false\" data-particle-mobile-disabled=\"false\" class=\"elementor-section elementor-top-section elementor-element elementor-element-de236c6 elementor-section-boxed elementor-section-height-default elementor-section-height-default\" data-id=\"de236c6\" data-element_type=\"section\" data-e-type=\"section\">\n\t\t\t\t\t\t<div class=\"elementor-container elementor-column-gap-default\">\n\t\t\t\t\t<div class=\"elementor-column elementor-col-100 elementor-top-column elementor-element elementor-element-957d7f7\" data-id=\"957d7f7\" data-element_type=\"column\" data-e-type=\"column\">\n\t\t\t<div class=\"elementor-widget-wrap elementor-element-populated\">\n\t\t\t\t\t\t<div class=\"elementor-element elementor-element-205fae2 elementor-widget elementor-widget-heading\" data-id=\"205fae2\" data-element_type=\"widget\" data-e-type=\"widget\" data-widget_type=\"heading.default\">\n\t\t\t\t<div class=\"elementor-widget-container\">\n\t\t\t\t\t<h2 class=\"elementor-heading-title elementor-size-default\">Producci\u00f3n de pellets pl\u00e1sticos<\/h2>\t\t\t\t<\/div>\n\t\t\t\t<\/div>\n\t\t\t\t<section data-particle_enable=\"false\" data-particle-mobile-disabled=\"false\" class=\"elementor-section elementor-inner-section elementor-element elementor-element-7586951 elementor-section-full_width row-column-wrap applications-grid elementor-section-height-default elementor-section-height-default\" data-id=\"7586951\" data-element_type=\"section\" data-e-type=\"section\">\n\t\t\t\t\t\t<div class=\"elementor-container elementor-column-gap-custom\">\n\t\t\t\t\t<div class=\"elementor-column elementor-col-10 elementor-inner-column elementor-element elementor-element-ffc69a7\" data-id=\"ffc69a7\" data-element_type=\"column\" data-e-type=\"column\">\n\t\t\t<div class=\"elementor-widget-wrap elementor-element-populated\">\n\t\t\t\t\t\t<div class=\"elementor-element elementor-element-5e7131a elementor-widget elementor-widget-heading\" data-id=\"5e7131a\" data-element_type=\"widget\" data-e-type=\"widget\" data-widget_type=\"heading.default\">\n\t\t\t\t<div class=\"elementor-widget-container\">\n\t\t\t\t\t<h4 class=\"elementor-heading-title elementor-size-default\"><a href=\"https:\/\/www.filtecsrl.eu\/es\/aplicaciones\/sistemas-de-reciclaje-de-plastico\/\">Reciclado<\/a><\/h4>\t\t\t\t<\/div>\n\t\t\t\t<\/div>\n\t\t\t\t\t<\/div>\n\t\t<\/div>\n\t\t\t\t<div class=\"elementor-column elementor-col-10 elementor-inner-column elementor-element elementor-element-770255a\" data-id=\"770255a\" data-element_type=\"column\" data-e-type=\"column\">\n\t\t\t<div class=\"elementor-widget-wrap elementor-element-populated\">\n\t\t\t\t\t\t<div class=\"elementor-element elementor-element-bd90872 elementor-widget elementor-widget-heading\" data-id=\"bd90872\" data-element_type=\"widget\" data-e-type=\"widget\" data-widget_type=\"heading.default\">\n\t\t\t\t<div class=\"elementor-widget-container\">\n\t\t\t\t\t<h4 class=\"elementor-heading-title elementor-size-default\"><a href=\"https:\/\/www.filtecsrl.eu\/es\/aplicaciones\/microgranulos\/\">Microgr\u00e1nulos<\/a><\/h4>\t\t\t\t<\/div>\n\t\t\t\t<\/div>\n\t\t\t\t\t<\/div>\n\t\t<\/div>\n\t\t\t\t<div class=\"elementor-column elementor-col-10 elementor-inner-column elementor-element elementor-element-809f869\" data-id=\"809f869\" data-element_type=\"column\" data-e-type=\"column\">\n\t\t\t<div class=\"elementor-widget-wrap elementor-element-populated\">\n\t\t\t\t\t\t<div class=\"elementor-element elementor-element-e8d7afa elementor-widget elementor-widget-heading\" data-id=\"e8d7afa\" data-element_type=\"widget\" data-e-type=\"widget\" data-widget_type=\"heading.default\">\n\t\t\t\t<div class=\"elementor-widget-container\">\n\t\t\t\t\t<h4 class=\"elementor-heading-title elementor-size-default\"><a href=\"https:\/\/www.filtecsrl.eu\/es\/aplicaciones\/pvc\/\">PVC<\/a><\/h4>\t\t\t\t<\/div>\n\t\t\t\t<\/div>\n\t\t\t\t\t<\/div>\n\t\t<\/div>\n\t\t\t\t<div class=\"elementor-column elementor-col-10 elementor-inner-column elementor-element elementor-element-d392e17\" data-id=\"d392e17\" data-element_type=\"column\" data-e-type=\"column\">\n\t\t\t<div class=\"elementor-widget-wrap elementor-element-populated\">\n\t\t\t\t\t\t<div class=\"elementor-element elementor-element-b3dad11 elementor-widget elementor-widget-heading\" data-id=\"b3dad11\" data-element_type=\"widget\" data-e-type=\"widget\" data-widget_type=\"heading.default\">\n\t\t\t\t<div class=\"elementor-widget-container\">\n\t\t\t\t\t<h4 class=\"elementor-heading-title elementor-size-default\"><a href=\"https:\/\/www.filtecsrl.eu\/es\/aplicaciones\/bioplasticos-y-biopolimeros\/\">Biopol\u00edmeros<\/a><\/h4>\t\t\t\t<\/div>\n\t\t\t\t<\/div>\n\t\t\t\t\t<\/div>\n\t\t<\/div>\n\t\t\t\t<div class=\"elementor-column elementor-col-10 elementor-inner-column elementor-element elementor-element-8f43bfd\" data-id=\"8f43bfd\" data-element_type=\"column\" data-e-type=\"column\">\n\t\t\t<div class=\"elementor-widget-wrap elementor-element-populated\">\n\t\t\t\t\t\t<div class=\"elementor-element elementor-element-6cce12a elementor-widget elementor-widget-heading\" data-id=\"6cce12a\" data-element_type=\"widget\" data-e-type=\"widget\" data-widget_type=\"heading.default\">\n\t\t\t\t<div class=\"elementor-widget-container\">\n\t\t\t\t\t<h4 class=\"elementor-heading-title elementor-size-default\"><a href=\"https:\/\/www.filtecsrl.eu\/es\/aplicaciones\/poliuretano-termoplastico\/\">Poliuretano termopl\u00e1stico<\/a><\/h4>\t\t\t\t<\/div>\n\t\t\t\t<\/div>\n\t\t\t\t\t<\/div>\n\t\t<\/div>\n\t\t\t\t<div class=\"elementor-column elementor-col-10 elementor-inner-column elementor-element elementor-element-2cfa6b9\" data-id=\"2cfa6b9\" data-element_type=\"column\" data-e-type=\"column\">\n\t\t\t<div class=\"elementor-widget-wrap elementor-element-populated\">\n\t\t\t\t\t\t<div class=\"elementor-element elementor-element-1ab50ab elementor-widget elementor-widget-heading\" data-id=\"1ab50ab\" data-element_type=\"widget\" data-e-type=\"widget\" data-widget_type=\"heading.default\">\n\t\t\t\t<div class=\"elementor-widget-container\">\n\t\t\t\t\t<h4 class=\"elementor-heading-title elementor-size-default\"><a href=\"https:\/\/www.filtecsrl.eu\/es\/aplicaciones\/compuesto-de-madera-y-plastico\/\">Compuestos de pol\u00edmeros de madera<\/a><\/h4>\t\t\t\t<\/div>\n\t\t\t\t<\/div>\n\t\t\t\t\t<\/div>\n\t\t<\/div>\n\t\t\t\t<div class=\"elementor-column elementor-col-10 elementor-inner-column elementor-element elementor-element-943d7d4\" data-id=\"943d7d4\" data-element_type=\"column\" data-e-type=\"column\">\n\t\t\t<div class=\"elementor-widget-wrap elementor-element-populated\">\n\t\t\t\t\t\t<div class=\"elementor-element elementor-element-66ad2fd elementor-widget elementor-widget-heading\" data-id=\"66ad2fd\" data-element_type=\"widget\" data-e-type=\"widget\" data-widget_type=\"heading.default\">\n\t\t\t\t<div class=\"elementor-widget-container\">\n\t\t\t\t\t<h4 class=\"elementor-heading-title elementor-size-default\"><a href=\"https:\/\/www.filtecsrl.eu\/es\/aplicaciones\/concentrado-de-color\/\">Concentrado de color<\/a><\/h4>\t\t\t\t<\/div>\n\t\t\t\t<\/div>\n\t\t\t\t\t<\/div>\n\t\t<\/div>\n\t\t\t\t<div class=\"elementor-column elementor-col-10 elementor-inner-column elementor-element elementor-element-485ee77\" data-id=\"485ee77\" data-element_type=\"column\" data-e-type=\"column\">\n\t\t\t<div class=\"elementor-widget-wrap elementor-element-populated\">\n\t\t\t\t\t\t<div class=\"elementor-element elementor-element-8359a35 elementor-widget elementor-widget-heading\" data-id=\"8359a35\" data-element_type=\"widget\" data-e-type=\"widget\" data-widget_type=\"heading.default\">\n\t\t\t\t<div class=\"elementor-widget-container\">\n\t\t\t\t\t<h4 class=\"elementor-heading-title elementor-size-default\"><a href=\"https:\/\/www.filtecsrl.eu\/es\/aplicaciones\/pegamentos-en-caliente\/\">Pegamentos en caliente<\/a><\/h4>\t\t\t\t<\/div>\n\t\t\t\t<\/div>\n\t\t\t\t\t<\/div>\n\t\t<\/div>\n\t\t\t\t<div class=\"elementor-column elementor-col-10 elementor-inner-column elementor-element elementor-element-9b7746a\" data-id=\"9b7746a\" data-element_type=\"column\" data-e-type=\"column\">\n\t\t\t<div class=\"elementor-widget-wrap elementor-element-populated\">\n\t\t\t\t\t\t<div class=\"elementor-element elementor-element-0884282 elementor-widget elementor-widget-heading\" data-id=\"0884282\" data-element_type=\"widget\" data-e-type=\"widget\" data-widget_type=\"heading.default\">\n\t\t\t\t<div class=\"elementor-widget-container\">\n\t\t\t\t\t<h4 class=\"elementor-heading-title elementor-size-default\"><a href=\"https:\/\/www.filtecsrl.eu\/es\/aplicaciones\/resinas-industriales-y-biorresinas\/\">Resinas industriales y biorresinas<\/a><\/h4>\t\t\t\t<\/div>\n\t\t\t\t<\/div>\n\t\t\t\t\t<\/div>\n\t\t<\/div>\n\t\t\t\t<div class=\"elementor-column elementor-col-10 elementor-inner-column elementor-element elementor-element-8f091a3\" data-id=\"8f091a3\" data-element_type=\"column\" data-e-type=\"column\">\n\t\t\t<div class=\"elementor-widget-wrap elementor-element-populated\">\n\t\t\t\t\t\t<div class=\"elementor-element elementor-element-35ca116 elementor-widget elementor-widget-heading\" data-id=\"35ca116\" data-element_type=\"widget\" data-e-type=\"widget\" data-widget_type=\"heading.default\">\n\t\t\t\t<div class=\"elementor-widget-container\">\n\t\t\t\t\t<h4 class=\"elementor-heading-title elementor-size-default\"><a href=\"https:\/\/www.filtecsrl.eu\/es\/aplicaciones\/compounding\/\">Compounding<\/a><\/h4>\t\t\t\t<\/div>\n\t\t\t\t<\/div>\n\t\t\t\t\t<\/div>\n\t\t<\/div>\n\t\t\t\t\t<\/div>\n\t\t<\/section>\n\t\t\t\t\t<\/div>\n\t\t<\/div>\n\t\t\t\t\t<\/div>\n\t\t<\/section>\n\t\t\t\t<\/div>\n\t\t","protected":false},"excerpt":{"rendered":"<p>M\u00e1quinas para varias aplicaciones Filtec ofrece sistemas de granulaci\u00f3n de materias pl\u00e1sticas, tanto recicladas como v\u00edrgenes, capaces de satisfacer cualquier necesidad de aplicaci\u00f3n y resultado. Nuestras instalaciones sirven espec\u00edficamente para la filtraci\u00f3n y el reciclado de elementos de desecho industrial \/ postconsumo, lo que permite que el material se convierta en pellets para ser reinsertado [&hellip;]<\/p>\n","protected":false},"author":1,"featured_media":0,"parent":0,"menu_order":0,"comment_status":"closed","ping_status":"closed","template":"elementor_header_footer","meta":{"footnotes":""},"class_list":["post-3348","page","type-page","status-publish","hentry"],"_links":{"self":[{"href":"https:\/\/www.filtecsrl.eu\/es\/wp-json\/wp\/v2\/pages\/3348","targetHints":{"allow":["GET"]}}],"collection":[{"href":"https:\/\/www.filtecsrl.eu\/es\/wp-json\/wp\/v2\/pages"}],"about":[{"href":"https:\/\/www.filtecsrl.eu\/es\/wp-json\/wp\/v2\/types\/page"}],"author":[{"embeddable":true,"href":"https:\/\/www.filtecsrl.eu\/es\/wp-json\/wp\/v2\/users\/1"}],"replies":[{"embeddable":true,"href":"https:\/\/www.filtecsrl.eu\/es\/wp-json\/wp\/v2\/comments?post=3348"}],"version-history":[{"count":0,"href":"https:\/\/www.filtecsrl.eu\/es\/wp-json\/wp\/v2\/pages\/3348\/revisions"}],"wp:attachment":[{"href":"https:\/\/www.filtecsrl.eu\/es\/wp-json\/wp\/v2\/media?parent=3348"}],"curies":[{"name":"wp","href":"https:\/\/api.w.org\/{rel}","templated":true}]}}